{"id":6,"date":"2018-08-27T06:20:04","date_gmt":"2018-08-27T06:20:04","guid":{"rendered":"http:\/\/www.demo.amplethemes.com\/education-method\/?page_id=6"},"modified":"2021-02-17T06:12:21","modified_gmt":"2021-02-17T11:12:21","slug":"home","status":"publish","type":"page","link":"https:\/\/cetprorepchile.net\/inicio\/","title":{"rendered":"Inicio"},"content":{"rendered":"\t\t<div data-elementor-type=\"wp-page\" data-elementor-id=\"6\" class=\"elementor elementor-6\">\n\t\t\t\t\t\t<section class=\"elementor-section elementor-top-section elementor-element elementor-element-97bda61 elementor-section-boxed elementor-section-height-default elementor-section-height-default\" data-id=\"97bda61\" data-element_type=\"section\" data-settings=\"{&quot;_ha_eqh_enable&quot;:false}\">\n\t\t\t\t\t\t<div class=\"elementor-container elementor-column-gap-default\">\n\t\t\t\t\t<div class=\"elementor-column elementor-col-100 elementor-top-column elementor-element elementor-element-46779e2\" data-id=\"46779e2\" data-element_type=\"column\">\n\t\t\t<div class=\"elementor-widget-wrap elementor-element-populated\">\n\t\t\t\t\t\t<div class=\"elementor-element elementor-element-2bd527f elementor-widget elementor-widget-heading\" data-id=\"2bd527f\" data-element_type=\"widget\" data-widget_type=\"heading.default\">\n\t\t\t\t<div class=\"elementor-widget-container\">\n\t\t\t<h2 class=\"elementor-heading-title elementor-size-default\">RESE\u00d1A INSTITUCIONAL DEL CENTRO DE EDUCACI\u00d3N TECNICO PRODUCTIVO \u201cREP\u00daBLICA DE CHILE\u201d<\/h2>\t\t<\/div>\n\t\t\t\t<\/div>\n\t\t\t\t\t<\/div>\n\t\t<\/div>\n\t\t\t\t\t<\/div>\n\t\t<\/section>\n\t\t\t\t<section class=\"elementor-section elementor-top-section elementor-element elementor-element-4ff69ed elementor-section-boxed elementor-section-height-default elementor-section-height-default\" data-id=\"4ff69ed\" data-element_type=\"section\" data-settings=\"{&quot;_ha_eqh_enable&quot;:false}\">\n\t\t\t\t\t\t<div class=\"elementor-container elementor-column-gap-default\">\n\t\t\t\t\t<div class=\"elementor-column elementor-col-100 elementor-top-column elementor-element elementor-element-1048505\" data-id=\"1048505\" data-element_type=\"column\">\n\t\t\t<div class=\"elementor-widget-wrap elementor-element-populated\">\n\t\t\t\t\t\t<div class=\"elementor-element elementor-element-6264fa7 elementor-widget elementor-widget-text-editor\" data-id=\"6264fa7\" data-element_type=\"widget\" data-widget_type=\"text-editor.default\">\n\t\t\t\t<div class=\"elementor-widget-container\">\n\t\t\t\t\t\t\t<p style=\"text-align: left;\">El Centro de Educaci\u00f3n T\u00e9cnico Productivo \u201cRep\u00fablica de Chile\u201d, lleva este nombre, porque una gentil dama chilena, don\u00f3 el local del actual colegio secundario del mismo nombre. Sito en el Jr. Risso N\u00ba 477, Distrito de Lince. Como es de conocimiento esta Instituci\u00f3n Educativa a la fecha tiene 72 a\u00f1os de creaci\u00f3n, siendo su trascendencia como sigue:<\/p>\t\t\t\t\t\t<\/div>\n\t\t\t\t<\/div>\n\t\t\t\t\t<\/div>\n\t\t<\/div>\n\t\t\t\t\t<\/div>\n\t\t<\/section>\n\t\t\t\t<section class=\"elementor-section elementor-top-section elementor-element elementor-element-2fd768b elementor-section-boxed elementor-section-height-default elementor-section-height-default\" data-id=\"2fd768b\" data-element_type=\"section\" data-settings=\"{&quot;_ha_eqh_enable&quot;:false}\">\n\t\t\t\t\t\t<div class=\"elementor-container elementor-column-gap-default\">\n\t\t\t\t\t<div class=\"elementor-column elementor-col-100 elementor-top-column elementor-element elementor-element-da353d2\" data-id=\"da353d2\" data-element_type=\"column\">\n\t\t\t<div class=\"elementor-widget-wrap elementor-element-populated\">\n\t\t\t\t\t\t<div class=\"elementor-element elementor-element-b737ee8 elementor-widget elementor-widget-text-editor\" data-id=\"b737ee8\" data-element_type=\"widget\" data-widget_type=\"text-editor.default\">\n\t\t\t\t<div class=\"elementor-widget-container\">\n\t\t\t\t\t\t\t<ol><li>Se inicia como Centro Escolar de Primaria de 1933 a 1936.<\/li><li>Escuela de 2\u00ba Grado N\u00ba 459 \u201cRep\u00fablica de Chile\u201d en 1937.<\/li><li>De 1945 a 1949 como Colegio Industrial N\u00ba 9 \u201cRep\u00fablica de Chile\u201d<\/li><li>De 1950 por D.S. s\/n de fecha 06-02-50 se eleva el Colegio Industrial \u201cRep\u00fablica de Chile\u201d a la categor\u00eda de Instituto Industrial de Mujeres N\u00aa 21, destinado a la ense\u00f1anza t\u00e9cnica industrial en su horario diurno, para participantes que requer\u00edan de esta modalidad.<\/li><li>En el horario vespertino se imparte la ense\u00f1anza para adultos, bajo la denominaci\u00f3n de \u201cCompetencia\u201d, siendo una de sus fundadoras, la se\u00f1orita Isabel Bravo, la misma que se introdujo el sistema de producci\u00f3n industrial, para la adquisici\u00f3n y mantenimiento de m\u00e1quinas y equipo de trabajo.<\/li><li>Contin\u00faa esta modalidad con el nombre de \u201cCapacitaci\u00f3n\u201d y al mismo tiempo la doctora Luz Fuentes, crea la educaci\u00f3n secundaria vespertina, destinada para aquellas personas adultas de 16 a\u00f1os a m\u00e1s, que durante el d\u00eda se encontraban desempe\u00f1ando otras actividades y deseaban superarse.<\/li><li>Es all\u00ed donde en el a\u00f1o 1973 es fundado por do\u00f1a Hilda Saz de Vargas<br \/>denomin\u00e1ndose por D.L. N\u00ba 19326, como modalidad de capacitaci\u00f3n profesional extraordinaria, no escolarizada.<\/li><li>Posteriormente en el a\u00f1o 1978, se crea el CENECAPE \u201cRep\u00fablica de Chile\u201d, estando de coordinadora la se\u00f1orita Noem\u00ed Camacho Vargas.<\/li><li>El 26 de junio de 1989, a trav\u00e9s de la R:D. N\u00ba 1317 USE 13, el entonces Centro de Educaci\u00f3n Profesional Extraordinaria \u201cRep\u00fablica de Chile\u201d cambia su denominaci\u00f3n por Centro de Educaci\u00f3n Ocupacional \u201cRep\u00fablica de Chile\u201d, siendo su directora la profesora Magdalena Pedreros Sarmiento.<\/li><li>Finalmente en el a\u00f1o 1991, se nos dio el nombre de Educaci\u00f3n Ocupacional de<br \/>Gesti\u00f3n Estatal, nombr\u00e1ndose como Directora a la profesora Martha Garc\u00eda Urrutia Alc\u00e1ntara.<\/li><li>El 24 de noviembre de 1993, a trav\u00e9s de la R.D. USE 13 N\u00ba 1517, se reubica al CEO al local sito en el Jr. Pumacahua N\u00ba 2101, en el mismo Distrito de Lince, en cuyo local iniciamos nuestras labores acad\u00e9micas el 2 de Enero de 1994.<\/li><li>Por \u00faltimo fuimos nuevamente reubicados a nuestro actual local sito en el Jr.<br \/>General Varela N\u00ba 1637, distrito de Bre\u00f1a, a trav\u00e9s de la R.D. USE 03 N\u00ba 003 de fecha 8 de Enero de 1998.<\/li><li>Actualmente se encuentra encargada de la Direcci\u00f3n la Lic. Evelina Marcia Rojas Gutarra.<\/li><li>Contamos con plazas org\u00e1nicas, 01 Direcci\u00f3n, 01 Coordinaci\u00f3n Acad\u00e9mica, 01<br \/>Jefatura de Talleres, 12 administrativos, 32 docentes y 1356 estudiantes, brindando a la comunidad carreras t\u00e9cnicas ocupacionales enmarcadas en las siguientes familias profesionales:<\/li><\/ol><div>\u00a0<\/div><ul><li style=\"list-style-type: none;\"><ul><li>Artesan\u00eda y Manualidades<\/li><li>Computaci\u00f3n e Inform\u00e1tica<\/li><li>Construcci\u00f3n<\/li><li>Est\u00e9tica Personal<\/li><li>Hosteler\u00eda y Turismo<\/li><li>Servicios Sociales y Asistenciales<\/li><li>Textil y Confecciones<\/li><\/ul><\/li><\/ul>\t\t\t\t\t\t<\/div>\n\t\t\t\t<\/div>\n\t\t\t\t\t<\/div>\n\t\t<\/div>\n\t\t\t\t\t<\/div>\n\t\t<\/section>\n\t\t\t\t<\/div>\n\t\t","protected":false},"excerpt":{"rendered":"<p>RESE&Ntilde;A INSTITUCIONAL DEL CENTRO DE EDUCACI&Oacute;N TECNICO PRODUCTIVO &ldquo;REP&Uacute;BLICA DE CHILE&rdquo; El Centro de Educaci&oacute;n T&eacute;cnico Productivo &ldquo;Rep&uacute;blica de Chile&rdquo;, lleva este nombre, porque una gentil dama chilena, don&oacute; el local del actual colegio secundario del mismo nombre. Sito en el Jr. Risso N&ordm; 477, Distrito de Lince. Como es de conocimiento esta Instituci&oacute;n Educativa [&hellip;]<\/p>\n","protected":false},"author":1,"featured_media":1073,"parent":0,"menu_order":0,"comment_status":"closed","ping_status":"closed","template":"","meta":{"footnotes":""},"class_list":["post-6","page","type-page","status-publish","has-post-thumbnail","hentry"],"aioseo_notices":[],"_links":{"self":[{"href":"https:\/\/cetprorepchile.net\/inicio\/wp-json\/wp\/v2\/pages\/6","targetHints":{"allow":["GET"]}}],"collection":[{"href":"https:\/\/cetprorepchile.net\/inicio\/wp-json\/wp\/v2\/pages"}],"about":[{"href":"https:\/\/cetprorepchile.net\/inicio\/wp-json\/wp\/v2\/types\/page"}],"author":[{"embeddable":true,"href":"https:\/\/cetprorepchile.net\/inicio\/wp-json\/wp\/v2\/users\/1"}],"replies":[{"embeddable":true,"href":"https:\/\/cetprorepchile.net\/inicio\/wp-json\/wp\/v2\/comments?post=6"}],"version-history":[{"count":8,"href":"https:\/\/cetprorepchile.net\/inicio\/wp-json\/wp\/v2\/pages\/6\/revisions"}],"predecessor-version":[{"id":1105,"href":"https:\/\/cetprorepchile.net\/inicio\/wp-json\/wp\/v2\/pages\/6\/revisions\/1105"}],"wp:featuredmedia":[{"embeddable":true,"href":"https:\/\/cetprorepchile.net\/inicio\/wp-json\/wp\/v2\/media\/1073"}],"wp:attachment":[{"href":"https:\/\/cetprorepchile.net\/inicio\/wp-json\/wp\/v2\/media?parent=6"}],"curies":[{"name":"wp","href":"https:\/\/api.w.org\/{rel}","templated":true}]}}