{"id":607,"date":"2020-07-20T17:15:37","date_gmt":"2020-07-20T17:15:37","guid":{"rendered":"https:\/\/cetprorepchile.net\/inicio\/?page_id=607"},"modified":"2020-07-23T04:47:32","modified_gmt":"2020-07-23T09:47:32","slug":"acercadenosotros","status":"publish","type":"page","link":"https:\/\/cetprorepchile.net\/inicio\/acercadenosotros\/","title":{"rendered":"ACERCA DE NOSOTROS"},"content":{"rendered":"<h3 style=\"text-align: center;\"><span style=\"color: #333399;\"><span style=\"color: #333399;\">RESE\u00d1A INSTITUCIONAL DEL CENTRO DE <span style=\"font-size: 24.96px;\">EDUCACI\u00d3N<\/span>&nbsp;<span style=\"font-size: 24.96px;\">T\u00c9CNICO<\/span>&nbsp;PRODUCTIVO&nbsp; \u201cREPUBLICA DE CHILE\u201d<\/span><\/span><\/h3>\n<p>El Centro de Educaci\u00f3n T\u00e9cnico Productivo &nbsp;\u201cRepublica de Chile\u201d, lleva este nombre, porque una gentil dama chilena, don\u00f3 el local del actual colegio secundario del mismo nombre. Sito en el Jr. Risso N\u00ba 477, Distrito de Lince. Como es de conocimiento&nbsp; esta Instituci\u00f3n Educativa a la fecha tiene 72 a\u00f1os de creaci\u00f3n, siendo su trascendencia como sigue:<\/p>\n\n\n<figure class=\"wp-block-table\"><table><tbody><tr><td>Se inicia &nbsp;como &nbsp;Centro Escolar de Primaria &nbsp;de 1933 &nbsp;a<br>Escuela de 2\u00ba G rado N\u00ba 459 \u201cRep\u00fablica de Chile\u201d en 1937.<br>De 1945 &nbsp;a &nbsp;1949&nbsp;&nbsp;&nbsp; &nbsp;como &nbsp;Colegio&nbsp; Industrial &nbsp;N\u00ba 9 &nbsp;&nbsp;&nbsp;&nbsp;&nbsp;&nbsp;\u201cRep\u00fablica de Chile\u201d<br>De 1950 por D.S. s\/n de fecha 06-02-50 se eleva el Colegio Industrial \u201cRep\u00fablica de Chile\u201d a la categor\u00eda de Instituto Industrial de Mujeres N\u00aa 21, destinado a la ense\u00f1anza t\u00e9cnica industrial en su horario diurno, para participantes que requer\u00edan de esta modalidad.<br>En el horario vespertino se imparte la ense\u00f1anza para adultos, bajo la denominaci\u00f3n de \u201cCompetencia\u201d, siendo una de sus fundadoras, la se\u00f1orita Isabel Bravo, la misma que se introdujo el sistema de producci\u00f3n industrial, para la adquisici\u00f3n y mantenimiento de m\u00e1quinas y equipo de trabajo.<br>Contin\u00faa esta modalidad con el nombre de \u201cCapacitaci\u00f3n\u201d y al mismo tiempo la doctora Luz Fuentes, crea la educaci\u00f3n secundaria vespertina, destinada para aquellas personas adultas de 16 a\u00f1os a m\u00e1s , que durante el d\u00eda se encontraban desempe\u00f1ando otras actividades y deseaban superarse.<br>Es all\u00ed donde en el a\u00f1o 1973 es fundado por do\u00f1a Hilda Saz de Vargas denomin\u00e1ndose por D.L. N\u00ba 19326, como modalidad de capacitaci\u00f3n profesional extraordinaria, no escolarizada.<br>Posteriormente en el a\u00f1o 1978, se crea el CENECAPE \u201cRep\u00fablica de Chile\u201d, estando de coordinadora la se\u00f1orita Noem\u00ed Camacho Vargas.<br>El 26 de junio de 1989, a trav\u00e9s de la R:D. N\u00ba 1317 USE 13, el entonces Centro de Educaci\u00f3n Profesional Extraordinaria \u201cRep\u00fablica de Chile\u201d cambia su denominaci\u00f3n por Centro de Educaci\u00f3n Ocupacional \u201cRep\u00fablica de Chile\u201d, siendo su directora la profesora Magdalena Pedreros Sarmiento.<br>Finalmente en el a\u00f1o 1991, se nos dio el nombre de Educaci\u00f3n Ocupacional de Gesti\u00f3n Estatal, nombr\u00e1ndose como Directora a la profesora&nbsp; Martha Garc\u00eda Urrutia Alc\u00e1ntara.<br>El 24 de noviembre de 1993, a trav\u00e9s de la R.D. USE 13 N\u00ba 1517, se reubica al CEO al local sito en el Jr. Pumacahua N\u00ba 2101, en el mismo Distrito de Lince, en cuyo local iniciamos nuestras labores acad\u00e9micas el 2 de Enero de 1994.<\/td><\/tr><\/tbody><\/table><\/figure>\n\n\n\n<ul class=\"wp-block-list\"><li><\/li><\/ul>\n\n\n<p>Por \u00faltimo fuimos nuevamente reubicados a nuestro actual local sito en el Jr. General Varela&nbsp; N\u00ba 1637, distrito de Bre\u00f1a, a trav\u00e9s de la R.D. USE 03 N\u00ba 003 de fecha 8 de Enero de 1998, manteni\u00e9ndose como directora titular la profesora Martha Garc\u00eda Urrutia Alc\u00e1ntara hasta Noviembre del a\u00f1o 2010,<\/p>\n<p>A partir del Diciembre del a\u00f1o 2010 a la fecha&nbsp; se encuentra encargada de la Direcci\u00f3n, la Lic. Evelina Marcia Rojas Gutarra.<\/p>\n<p>Nuestro CETPRO, actualmente brinda formaci\u00f3n t\u00e9cnica en el Ciclo B\u00e1sico de la Educaci\u00f3n T\u00e9cnico productiva.<\/p>","protected":false},"excerpt":{"rendered":"<p>RESE&Ntilde;A INSTITUCIONAL DEL CENTRO DE EDUCACI&Oacute;N&nbsp;T&Eacute;CNICO&nbsp;PRODUCTIVO&nbsp; &ldquo;REPUBLICA DE CHILE&rdquo; El Centro de Educaci&oacute;n T&eacute;cnico Productivo &nbsp;&ldquo;Republica de Chile&rdquo;, lleva este nombre, porque una gentil dama chilena, don&oacute; el local del actual colegio secundario del mismo nombre. Sito en el Jr. Risso N&ordm; 477, Distrito de Lince. Como es de conocimiento&nbsp; esta Instituci&oacute;n Educativa a la [&hellip;]<\/p>\n","protected":false},"author":1,"featured_media":732,"parent":0,"menu_order":0,"comment_status":"closed","ping_status":"closed","template":"","meta":{"footnotes":""},"class_list":["post-607","page","type-page","status-publish","has-post-thumbnail","hentry"],"aioseo_notices":[],"_links":{"self":[{"href":"https:\/\/cetprorepchile.net\/inicio\/wp-json\/wp\/v2\/pages\/607","targetHints":{"allow":["GET"]}}],"collection":[{"href":"https:\/\/cetprorepchile.net\/inicio\/wp-json\/wp\/v2\/pages"}],"about":[{"href":"https:\/\/cetprorepchile.net\/inicio\/wp-json\/wp\/v2\/types\/page"}],"author":[{"embeddable":true,"href":"https:\/\/cetprorepchile.net\/inicio\/wp-json\/wp\/v2\/users\/1"}],"replies":[{"embeddable":true,"href":"https:\/\/cetprorepchile.net\/inicio\/wp-json\/wp\/v2\/comments?post=607"}],"version-history":[{"count":11,"href":"https:\/\/cetprorepchile.net\/inicio\/wp-json\/wp\/v2\/pages\/607\/revisions"}],"predecessor-version":[{"id":981,"href":"https:\/\/cetprorepchile.net\/inicio\/wp-json\/wp\/v2\/pages\/607\/revisions\/981"}],"wp:featuredmedia":[{"embeddable":true,"href":"https:\/\/cetprorepchile.net\/inicio\/wp-json\/wp\/v2\/media\/732"}],"wp:attachment":[{"href":"https:\/\/cetprorepchile.net\/inicio\/wp-json\/wp\/v2\/media?parent=607"}],"curies":[{"name":"wp","href":"https:\/\/api.w.org\/{rel}","templated":true}]}}